{"id":5859,"date":"2025-07-23T16:06:50","date_gmt":"2025-07-23T16:06:50","guid":{"rendered":"https:\/\/colegiorimac.lidservicessac.com\/?page_id=5859"},"modified":"2025-07-23T16:14:31","modified_gmt":"2025-07-23T16:14:31","slug":"resena-historica","status":"publish","type":"page","link":"https:\/\/nacionalrimac.edu.pe\/?page_id=5859","title":{"rendered":"Rese\u00f1a Hist\u00f3rica"},"content":{"rendered":"\t\t<div data-elementor-type=\"wp-page\" data-elementor-id=\"5859\" class=\"elementor elementor-5859\">\n\t\t\t\t<div class=\"elementor-element elementor-element-4ebc87b e-flex e-con-boxed e-con e-parent\" data-id=\"4ebc87b\" data-element_type=\"container\">\n\t\t\t\t\t<div class=\"e-con-inner\">\n\t\t\t\t<div class=\"elementor-element elementor-element-42692ee elementor-widget elementor-widget-heading\" data-id=\"42692ee\" data-element_type=\"widget\" data-widget_type=\"heading.default\">\n\t\t\t\t<div class=\"elementor-widget-container\">\n\t\t\t\t\t<h2 class=\"elementor-heading-title elementor-size-default\">INSTITUCI\u00d3N EDUCATIVA \u201cNACIONAL R\u00cdMAC\u201d<\/h2>\t\t\t\t<\/div>\n\t\t\t\t<\/div>\n\t\t\t\t<div class=\"elementor-element elementor-element-2b8cd13 elementor-widget elementor-widget-image\" data-id=\"2b8cd13\" data-element_type=\"widget\" data-widget_type=\"image.default\">\n\t\t\t\t<div class=\"elementor-widget-container\">\n\t\t\t\t\t\t\t\t\t\t\t\t\t\t\t<img decoding=\"async\" width=\"150\" height=\"150\" src=\"https:\/\/nacionalrimac.edu.pe\/wp-content\/uploads\/2025\/06\/escudo1-150x150.png\" class=\"attachment-thumbnail size-thumbnail wp-image-5813\" alt=\"\" srcset=\"https:\/\/nacionalrimac.edu.pe\/wp-content\/uploads\/2025\/06\/escudo1-150x150.png 150w, https:\/\/nacionalrimac.edu.pe\/wp-content\/uploads\/2025\/06\/escudo1-300x300.png 300w, https:\/\/nacionalrimac.edu.pe\/wp-content\/uploads\/2025\/06\/escudo1-1024x1024.png 1024w, https:\/\/nacionalrimac.edu.pe\/wp-content\/uploads\/2025\/06\/escudo1-768x768.png 768w, https:\/\/nacionalrimac.edu.pe\/wp-content\/uploads\/2025\/06\/escudo1-80x80.png 80w, https:\/\/nacionalrimac.edu.pe\/wp-content\/uploads\/2025\/06\/escudo1-600x600.png 600w, https:\/\/nacionalrimac.edu.pe\/wp-content\/uploads\/2025\/06\/escudo1-100x100.png 100w, https:\/\/nacionalrimac.edu.pe\/wp-content\/uploads\/2025\/06\/escudo1.png 1080w\" sizes=\"(max-width: 150px) 100vw, 150px\" \/>\t\t\t\t\t\t\t\t\t\t\t\t\t\t\t<\/div>\n\t\t\t\t<\/div>\n\t\t\t\t<div class=\"elementor-element elementor-element-19fdc6b elementor-widget elementor-widget-heading\" data-id=\"19fdc6b\" data-element_type=\"widget\" data-widget_type=\"heading.default\">\n\t\t\t\t<div class=\"elementor-widget-container\">\n\t\t\t\t\t<h3 class=\"elementor-heading-title elementor-size-default\">Rese\u00f1a Hist\u00f3rica <\/h3>\t\t\t\t<\/div>\n\t\t\t\t<\/div>\n\t\t\t\t\t<\/div>\n\t\t\t\t<\/div>\n\t\t<div class=\"elementor-element elementor-element-54d496b e-flex e-con-boxed e-con e-parent\" data-id=\"54d496b\" data-element_type=\"container\">\n\t\t\t\t\t<div class=\"e-con-inner\">\n\t\t<div class=\"elementor-element elementor-element-5c43f98 e-con-full e-flex e-con e-child\" data-id=\"5c43f98\" data-element_type=\"container\">\n\t\t\t\t<\/div>\n\t\t<div class=\"elementor-element elementor-element-421a969 e-con-full e-flex e-con e-child\" data-id=\"421a969\" data-element_type=\"container\">\n\t\t\t\t<div class=\"elementor-element elementor-element-f4f1c91 elementor-widget elementor-widget-text-editor\" data-id=\"f4f1c91\" data-element_type=\"widget\" data-widget_type=\"text-editor.default\">\n\t\t\t\t<div class=\"elementor-widget-container\">\n\t\t\t\t\t\t\t\t\t<p>La Instituci\u00f3n Educativa \u201cNacional R\u00edmac\u201d nace como anexo del Colegio Nacional de Mujeres Mar\u00eda Parado de Bellido, hasta 1961. Ergo, en el a\u00f1o 1962, pasa a operar con presupuesto anal\u00edtico propio, no obstante, sin contar con el respectivo dispositivo legal de su creaci\u00f3n. A\u00f1os m\u00e1s tarde, con fecha 07 de noviembre del 1969, mediante Resoluci\u00f3n Suprema N\u00b0 1028 &#8211; Ministerio de Educaci\u00f3n, se regulariza el funcionamiento del Colegio Nacional de Mujeres, del distrito del R\u00edmac, provincia y departamento de Lima. En este sentido, dicha resoluci\u00f3n es considerada como el dispositivo legal de su creaci\u00f3n, tal como lo estipula el registro dicho documento.<br \/>En sus inicios, la Instituci\u00f3n Educativa fue dirigida de forma interina por la se\u00f1orita Aurora Mass Alcedo. Posteriormente, y de modo oficial, tuvo a su cargo la Direcci\u00f3n del plantel la se\u00f1orita Clorinda Sidia de Palomino. Y desde 1985, la Direcci\u00f3n de la Instituci\u00f3n fue asumida por la se\u00f1orita Hortencia Z\u00fa\u00f1iga Polo. El 18 de mayo de 1994, mediante R.D. 0435, se obtuvo la ampliaci\u00f3n de Primaria de Menores de Primero a Sexto Grado. Asimismo, se alcanz\u00f3 la articulaci\u00f3n del Nivel Inicial. En el 2015 se gestion\u00f3 la ampliaci\u00f3n del nivel Inicial hasta el a\u00f1o 2020.<br \/>Es preciso manifestar que mediante Resoluci\u00f3n Directoral N\u00b0 012770, emitida por la UGEL N\u00b0 02, se autoriz\u00f3 que, a partir del 29 de agosto de 2018, se modifique el nombre de Colegio Nacional de Mujeres del distrito del R\u00edmac por el de Instituci\u00f3n Educativa Nacional R\u00edmac.<br \/>Desde su creaci\u00f3n hasta la actualidad, la instituci\u00f3n educativa tuvo a muchas personalidades como directores y subdirectores, quienes en sus respectivas gestiones aportaron en el reconocimiento que actualmente tiene el colegio. Es as\u00ed que desde el 2020, la Direcci\u00f3n contin\u00faa a cargo del excelent\u00edsimo Profesor Jes\u00fas Waldir And\u00eda Quispe, mientras que, desde el 2024 asumen, la Subdirecci\u00f3n de Primaria, el Lic. Marco Antonio Figueroa L\u00f3pez, y las subdirecciones de Educaci\u00f3n Secundaria, el Lic. Roberto Rub\u00e9n Valle Zumaeta y el Lic. Emerson Gonzales P\u00e1ucar, quienes contin\u00faan aportando al crecimiento y reconocimiento institucional.<br \/>Por otro lado, cabe mencionar que actualmente la Instituci\u00f3n Educativa Nacional R\u00edmac cuenta con m\u00e1s de 1100 estudiantes, distribuidos en 18 secciones de Educaci\u00f3n Primaria y 17 secciones de Educaci\u00f3n Secundaria. La visi\u00f3n institucional se configura, para el a\u00f1o 2025, como una comunidad educativa consolidada que mejora progresivamente sus resultados de aprendizajes, orientados permanentemente al desarrollo sostenible y a la apertura al mundo globalizado, a trav\u00e9s de proyectos innovadores que promuevan la investigaci\u00f3n cient\u00edfica y tecnol\u00f3gica con la participaci\u00f3n activa de todos los agentes educativos, quienes trabajan conjuntamente por lograr est\u00e1ndares \u00f3ptimos de calidad, fomentando el desarrollo de competencias, liderazgo y acciones colaborativas; no obstante, siempre cuidando y preservando el medio ambiente. Estos principios institucionales, evidentemente, garantizar\u00e1n la formaci\u00f3n s\u00f3lida en valores, ciudadan\u00eda e identidad personal de los estudiantes en el marco del cumplimiento de los ideales educativos de equidad, democracia e inclusi\u00f3n, los cuales comprenden la formaci\u00f3n \u00f3ptima de futuros ciudadanos competentes, capaces de insertarse en el mundo laboral y, consecuentemente, alcanzar y lograr el desarrollo de la comunidad y el pa\u00eds.<\/p><p>Para la realizaci\u00f3n de estos logros, contamos con destacados maestros proactivos e investigadores que promueven en los estudiantes el desarrollo integral de sus potencialidades y el esp\u00edritu cr\u00edtico para una convivencia democr\u00e1tica, de paz y armon\u00eda. Y, asimismo, con un personal administrativo, muy identificado con los valores de la instituci\u00f3n, comprometido en brindar un servicio enteramente de calidad. Concomitantemente, nuestra instituci\u00f3n est\u00e1 constituida, tambi\u00e9n, con la participaci\u00f3n seria y decidida de los padres de familia, quienes en forma organizada y responsable llevan a cabo acciones necesarias y eficientes, en conjunto con los directivos institucionales para que, finalmente, los propios estudiantes se beneficien y reciban una educaci\u00f3n s\u00f3lida en conocimientos y en valores.<\/p>\t\t\t\t\t\t\t\t<\/div>\n\t\t\t\t<\/div>\n\t\t\t\t<\/div>\n\t\t<div class=\"elementor-element elementor-element-b0d4d55 e-con-full e-flex e-con e-child\" data-id=\"b0d4d55\" data-element_type=\"container\">\n\t\t\t\t<\/div>\n\t\t\t\t\t<\/div>\n\t\t\t\t<\/div>\n\t\t\t\t<\/div>\n\t\t","protected":false},"excerpt":{"rendered":"<p>INSTITUCI\u00d3N EDUCATIVA \u201cNACIONAL R\u00cdMAC\u201d Rese\u00f1a Hist\u00f3rica La Instituci\u00f3n Educativa \u201cNacional R\u00edmac\u201d nace como anexo del Colegio Nacional de Mujeres Mar\u00eda Parado de Bellido, hasta 1961. Ergo, en el a\u00f1o 1962, pasa a operar con presupuesto anal\u00edtico propio, no obstante, sin contar con el respectivo dispositivo legal de su creaci\u00f3n. A\u00f1os m\u00e1s tarde, con fecha 07&#8230;<\/p>\n","protected":false},"author":1,"featured_media":0,"parent":0,"menu_order":0,"comment_status":"closed","ping_status":"closed","template":"","meta":{"footnotes":""},"class_list":["post-5859","page","type-page","status-publish","hentry"],"_links":{"self":[{"href":"https:\/\/nacionalrimac.edu.pe\/index.php?rest_route=\/wp\/v2\/pages\/5859","targetHints":{"allow":["GET"]}}],"collection":[{"href":"https:\/\/nacionalrimac.edu.pe\/index.php?rest_route=\/wp\/v2\/pages"}],"about":[{"href":"https:\/\/nacionalrimac.edu.pe\/index.php?rest_route=\/wp\/v2\/types\/page"}],"author":[{"embeddable":true,"href":"https:\/\/nacionalrimac.edu.pe\/index.php?rest_route=\/wp\/v2\/users\/1"}],"replies":[{"embeddable":true,"href":"https:\/\/nacionalrimac.edu.pe\/index.php?rest_route=%2Fwp%2Fv2%2Fcomments&post=5859"}],"version-history":[{"count":7,"href":"https:\/\/nacionalrimac.edu.pe\/index.php?rest_route=\/wp\/v2\/pages\/5859\/revisions"}],"predecessor-version":[{"id":5866,"href":"https:\/\/nacionalrimac.edu.pe\/index.php?rest_route=\/wp\/v2\/pages\/5859\/revisions\/5866"}],"wp:attachment":[{"href":"https:\/\/nacionalrimac.edu.pe\/index.php?rest_route=%2Fwp%2Fv2%2Fmedia&parent=5859"}],"curies":[{"name":"wp","href":"https:\/\/api.w.org\/{rel}","templated":true}]}}