{"id":5958,"date":"2025-09-12T00:08:58","date_gmt":"2025-09-12T00:08:58","guid":{"rendered":"https:\/\/colegiorimac.lidservicessac.com\/?page_id=5958"},"modified":"2025-10-13T17:38:26","modified_gmt":"2025-10-13T17:38:26","slug":"niveles-academicos","status":"publish","type":"page","link":"https:\/\/nacionalrimac.edu.pe\/?page_id=5958","title":{"rendered":"Niveles Acad\u00e9micos"},"content":{"rendered":"\t\t<div data-elementor-type=\"wp-page\" data-elementor-id=\"5958\" class=\"elementor elementor-5958\">\n\t\t\t\t<div class=\"elementor-element elementor-element-ce5f720 e-flex e-con-boxed e-con e-parent\" data-id=\"ce5f720\" data-element_type=\"container\">\n\t\t\t\t\t<div class=\"e-con-inner\">\n\t\t\t\t<div class=\"elementor-element elementor-element-3a911dc elementor-widget elementor-widget-heading\" data-id=\"3a911dc\" data-element_type=\"widget\" data-widget_type=\"heading.default\">\n\t\t\t\t<div class=\"elementor-widget-container\">\n\t\t\t\t\t<h2 class=\"elementor-heading-title elementor-size-default\">Nivel Primaria <\/h2>\t\t\t\t<\/div>\n\t\t\t\t<\/div>\n\t\t\t\t\t<\/div>\n\t\t\t\t<\/div>\n\t\t<div class=\"elementor-element elementor-element-60ad309 e-flex e-con-boxed e-con e-parent\" data-id=\"60ad309\" data-element_type=\"container\">\n\t\t\t\t\t<div class=\"e-con-inner\">\n\t\t\t\t<div class=\"elementor-element elementor-element-439646b elementor-widget elementor-widget-text-editor\" data-id=\"439646b\" data-element_type=\"widget\" data-widget_type=\"text-editor.default\">\n\t\t\t\t<div class=\"elementor-widget-container\">\n\t\t\t\t\t\t\t\t\t<h5>&#8220;La educaci\u00f3n es el arma m\u00e1s poderosa que puedes usar para cambiar el mundo&#8221;<\/h5><p>Nelson Mandela<\/p>\t\t\t\t\t\t\t\t<\/div>\n\t\t\t\t<\/div>\n\t\t\t\t\t<\/div>\n\t\t\t\t<\/div>\n\t\t<div class=\"elementor-element elementor-element-653378a e-flex e-con-boxed e-con e-parent\" data-id=\"653378a\" data-element_type=\"container\">\n\t\t\t\t\t<div class=\"e-con-inner\">\n\t\t<div class=\"elementor-element elementor-element-98e1a8b e-con-full e-flex e-con e-child\" data-id=\"98e1a8b\" data-element_type=\"container\">\n\t\t\t\t<div class=\"elementor-element elementor-element-d19280a elementor-widget elementor-widget-text-editor\" data-id=\"d19280a\" data-element_type=\"widget\" data-widget_type=\"text-editor.default\">\n\t\t\t\t<div class=\"elementor-widget-container\">\n\t\t\t\t\t\t\t\t\t<p style=\"text-align: justify;\"> En el Nivel Primaria, nos enfocamos en crear un ambiente donde el aprendizaje sea din\u00e1mico, desafiante y significativo.\n\nPreparamos a los estudiantes para afrontar retos acad\u00e9micos y sociales mientras cultivamos valores fundamentales que los acompa\u00f1ar\u00e1n toda la vida.\n\nLos estudiantes disfrutan el aprender con la metodolog\u00eda activa, desarrollando\nhabilidades necesarias en diversas \u00e1reas: intelectual, f\u00edsico, afectivo, social, art\u00edstico y pensamiento l\u00f3gico, teniendo como resultado un estudiante capaz de desempe\u00f1arse en diferentes situaciones de manera competente. <\/p>\t\t\t\t\t\t\t\t<\/div>\n\t\t\t\t<\/div>\n\t\t\t\t<\/div>\n\t\t<div class=\"elementor-element elementor-element-542d4f5 e-con-full e-flex e-con e-child\" data-id=\"542d4f5\" data-element_type=\"container\">\n\t\t\t\t<div class=\"elementor-element elementor-element-e765151 elementor-widget elementor-widget-image\" data-id=\"e765151\" data-element_type=\"widget\" data-widget_type=\"image.default\">\n\t\t\t\t<div class=\"elementor-widget-container\">\n\t\t\t\t\t\t\t\t\t\t\t\t\t\t\t<img fetchpriority=\"high\" decoding=\"async\" width=\"751\" height=\"751\" src=\"https:\/\/nacionalrimac.edu.pe\/wp-content\/uploads\/2025\/09\/Diseno-sin-titulo-58.png\" class=\"attachment-large size-large wp-image-6022\" alt=\"\" srcset=\"https:\/\/nacionalrimac.edu.pe\/wp-content\/uploads\/2025\/09\/Diseno-sin-titulo-58.png 807w, https:\/\/nacionalrimac.edu.pe\/wp-content\/uploads\/2025\/09\/Diseno-sin-titulo-58-300x300.png 300w, https:\/\/nacionalrimac.edu.pe\/wp-content\/uploads\/2025\/09\/Diseno-sin-titulo-58-150x150.png 150w, https:\/\/nacionalrimac.edu.pe\/wp-content\/uploads\/2025\/09\/Diseno-sin-titulo-58-768x768.png 768w, https:\/\/nacionalrimac.edu.pe\/wp-content\/uploads\/2025\/09\/Diseno-sin-titulo-58-80x80.png 80w, https:\/\/nacionalrimac.edu.pe\/wp-content\/uploads\/2025\/09\/Diseno-sin-titulo-58-600x600.png 600w, https:\/\/nacionalrimac.edu.pe\/wp-content\/uploads\/2025\/09\/Diseno-sin-titulo-58-100x100.png 100w\" sizes=\"(max-width: 751px) 100vw, 751px\" \/>\t\t\t\t\t\t\t\t\t\t\t\t\t\t\t<\/div>\n\t\t\t\t<\/div>\n\t\t\t\t<\/div>\n\t\t\t\t\t<\/div>\n\t\t\t\t<\/div>\n\t\t<div class=\"elementor-element elementor-element-caca466 e-flex e-con-boxed e-con e-parent\" data-id=\"caca466\" data-element_type=\"container\">\n\t\t\t\t\t<div class=\"e-con-inner\">\n\t\t\t\t<div class=\"elementor-element elementor-element-4ddabf0 elementor-widget elementor-widget-heading\" data-id=\"4ddabf0\" data-element_type=\"widget\" data-widget_type=\"heading.default\">\n\t\t\t\t<div class=\"elementor-widget-container\">\n\t\t\t\t\t<h2 class=\"elementor-heading-title elementor-size-default\">Nivel Secundaria<\/h2>\t\t\t\t<\/div>\n\t\t\t\t<\/div>\n\t\t\t\t\t<\/div>\n\t\t\t\t<\/div>\n\t\t<div class=\"elementor-element elementor-element-0dae5f7 e-flex e-con-boxed e-con e-parent\" data-id=\"0dae5f7\" data-element_type=\"container\">\n\t\t\t\t\t<div class=\"e-con-inner\">\n\t\t<div class=\"elementor-element elementor-element-c3d5130 e-con-full e-flex e-con e-child\" data-id=\"c3d5130\" data-element_type=\"container\">\n\t\t\t\t<div class=\"elementor-element elementor-element-a9ec89c elementor-widget elementor-widget-image\" data-id=\"a9ec89c\" data-element_type=\"widget\" data-widget_type=\"image.default\">\n\t\t\t\t<div class=\"elementor-widget-container\">\n\t\t\t\t\t\t\t\t\t\t\t\t\t\t\t<img decoding=\"async\" width=\"751\" height=\"751\" src=\"https:\/\/nacionalrimac.edu.pe\/wp-content\/uploads\/2025\/09\/Diseno-sin-titulo-57.png\" class=\"attachment-large size-large wp-image-5981\" alt=\"\" srcset=\"https:\/\/nacionalrimac.edu.pe\/wp-content\/uploads\/2025\/09\/Diseno-sin-titulo-57.png 807w, https:\/\/nacionalrimac.edu.pe\/wp-content\/uploads\/2025\/09\/Diseno-sin-titulo-57-300x300.png 300w, https:\/\/nacionalrimac.edu.pe\/wp-content\/uploads\/2025\/09\/Diseno-sin-titulo-57-150x150.png 150w, https:\/\/nacionalrimac.edu.pe\/wp-content\/uploads\/2025\/09\/Diseno-sin-titulo-57-768x768.png 768w, https:\/\/nacionalrimac.edu.pe\/wp-content\/uploads\/2025\/09\/Diseno-sin-titulo-57-80x80.png 80w, https:\/\/nacionalrimac.edu.pe\/wp-content\/uploads\/2025\/09\/Diseno-sin-titulo-57-600x600.png 600w, https:\/\/nacionalrimac.edu.pe\/wp-content\/uploads\/2025\/09\/Diseno-sin-titulo-57-100x100.png 100w\" sizes=\"(max-width: 751px) 100vw, 751px\" \/>\t\t\t\t\t\t\t\t\t\t\t\t\t\t\t<\/div>\n\t\t\t\t<\/div>\n\t\t\t\t<\/div>\n\t\t<div class=\"elementor-element elementor-element-f8c5c46 e-con-full e-flex e-con e-child\" data-id=\"f8c5c46\" data-element_type=\"container\">\n\t\t\t\t<div class=\"elementor-element elementor-element-a110396 elementor-widget elementor-widget-text-editor\" data-id=\"a110396\" data-element_type=\"widget\" data-widget_type=\"text-editor.default\">\n\t\t\t\t<div class=\"elementor-widget-container\">\n\t\t\t\t\t\t\t\t\t<p style=\"text-align: justify;\">En el nivel secundaria, nuestro colegio brinda una formaci\u00f3n integral orientada al desarrollo acad\u00e9mico, personal y social de los estudiantes. Nuestro enfoque educativo busca fortalecer las competencias necesarias para enfrentar los retos del presente y del futuro, promoviendo el pensamiento cr\u00edtico, la creatividad y la capacidad de trabajar en equipo.<\/p>\nSe fomenta una ense\u00f1anza activa y participativa, donde el alumno es protagonista de su aprendizaje, acompa\u00f1ado por docentes comprometidos en guiarlo con valores, responsabilidad y respeto.<\/p>\nNuestro objetivo es formar ciudadanos responsables, con identidad cultural, conciencia social y esp\u00edritu solidario, capaces de contribuir al desarrollo de su comunidad y del pa\u00eds.<\/p>\t\t\t\t\t\t\t\t<\/div>\n\t\t\t\t<\/div>\n\t\t\t\t<\/div>\n\t\t\t\t\t<\/div>\n\t\t\t\t<\/div>\n\t\t\t\t<\/div>\n\t\t","protected":false},"excerpt":{"rendered":"<p>Nivel Primaria &#8220;La educaci\u00f3n es el arma m\u00e1s poderosa que puedes usar para cambiar el mundo&#8221; Nelson Mandela En el Nivel Primaria, nos enfocamos en crear un ambiente donde el aprendizaje sea din\u00e1mico, desafiante y significativo. Preparamos a los estudiantes para afrontar retos acad\u00e9micos y sociales mientras cultivamos valores fundamentales que los acompa\u00f1ar\u00e1n toda la&#8230;<\/p>\n","protected":false},"author":1,"featured_media":0,"parent":0,"menu_order":0,"comment_status":"closed","ping_status":"closed","template":"","meta":{"footnotes":""},"class_list":["post-5958","page","type-page","status-publish","hentry"],"_links":{"self":[{"href":"https:\/\/nacionalrimac.edu.pe\/index.php?rest_route=\/wp\/v2\/pages\/5958","targetHints":{"allow":["GET"]}}],"collection":[{"href":"https:\/\/nacionalrimac.edu.pe\/index.php?rest_route=\/wp\/v2\/pages"}],"about":[{"href":"https:\/\/nacionalrimac.edu.pe\/index.php?rest_route=\/wp\/v2\/types\/page"}],"author":[{"embeddable":true,"href":"https:\/\/nacionalrimac.edu.pe\/index.php?rest_route=\/wp\/v2\/users\/1"}],"replies":[{"embeddable":true,"href":"https:\/\/nacionalrimac.edu.pe\/index.php?rest_route=%2Fwp%2Fv2%2Fcomments&post=5958"}],"version-history":[{"count":10,"href":"https:\/\/nacionalrimac.edu.pe\/index.php?rest_route=\/wp\/v2\/pages\/5958\/revisions"}],"predecessor-version":[{"id":6524,"href":"https:\/\/nacionalrimac.edu.pe\/index.php?rest_route=\/wp\/v2\/pages\/5958\/revisions\/6524"}],"wp:attachment":[{"href":"https:\/\/nacionalrimac.edu.pe\/index.php?rest_route=%2Fwp%2Fv2%2Fmedia&parent=5958"}],"curies":[{"name":"wp","href":"https:\/\/api.w.org\/{rel}","templated":true}]}}